{"id":620,"date":"2013-03-01T09:00:53","date_gmt":"2013-03-01T08:00:53","guid":{"rendered":"https:\/\/bcntranslation.com\/contacte-conmigo\/"},"modified":"2017-10-28T18:52:40","modified_gmt":"2017-10-28T16:52:40","slug":"contacto","status":"publish","type":"page","link":"https:\/\/bcntranslation.com\/es\/contacto\/","title":{"rendered":"Contacte conmigo"},"content":{"rendered":"<p>Puedes contactar conmigo, Sophie Dobson, en <a title=\"enviame un correo\" href=\"mailto:info@bcntranslation.com\">info@bcntranslation.com<\/a> o llamando al +34 687 348 819. Por favor deja tu n\u00famero y un mensaje si no puedo contestar.<\/p>\n<p>Si quieres un presupuesto por favor, dame los detalles del encargo. Para una traducci\u00f3n: n\u00famero de palabras, asunto, fecha de entrego. Para interpretaci\u00f3n: ubicaci\u00f3n, fecha, asunto. Entre semana contesto las solicitudes en menos de dos horas.<\/p>\n<p>O puedes utilizar el formulario de contacto de abajo.<\/p>\n<div data-test='contact-form'\n\t\t\tid='contact-form-620'\n\t\t\tclass='jetpack-contact-form-container '\n\t\t\tdata-wp-interactive='jetpack\/form' data-wp-context='{\"formId\":\"620\",\"formHash\":\"84800a9fd0e505230c70bcfe7c9c1ee1f2807cb3\",\"showErrors\":false,\"errors\":[],\"fields\":[],\"isMultiStep\":false,\"useAjax\":true,\"submissionData\":null,\"formattedSubmissionData\":[],\"submissionSuccess\":false,\"submissionError\":null,\"elementId\":\"jp-form-84800a9fd0e505230c70bcfe7c9c1ee1f2807cb3\",\"isSingleInputForm\":false,\"isForcedHorizontal\":false}'\n\t\t\tdata-wp-watch--scroll-to-wrapper=\"callbacks.scrollToWrapper\"\n\t\t>\n<div class=\"contact-form-submission contact-form-ajax-submission\" data-wp-bind--aria-hidden=\"state.isSuccessMessageAriaHidden\" data-wp-class--submission-success=\"context.submissionSuccess\" id=\"contact-form-success-84800a9fd0e505230c70bcfe7c9c1ee1f2807cb3\" tabindex=\"-1\" aria-labelledby=\"contact-form-success-header-84800a9fd0e505230c70bcfe7c9c1ee1f2807cb3\"><p class=\"go-back-message\"><a class=\"link\" role=\"button\" tabindex=\"0\" data-wp-on--click=\"actions.goBack\" href=\"\/es\/wp-json\/wp\/v2\/pages\/620\">\u2190 Volver<\/a><\/p><h4 data-wp-bind--aria-hidden=\"state.isSuccessMessageAriaHidden\" id=\"contact-form-success-header-84800a9fd0e505230c70bcfe7c9c1ee1f2807cb3\">Gracias por tu respuesta. \u2728<\/h4>\n\n<template data-wp-each--submission=\"context.formattedSubmissionData\">\n\t\t\t\t\t<div class=\"jetpack_forms_contact-form-success-summary\">\n\t\t\t\t\t\t<div class=\"field-name-wrapper\">\n\t\t\t\t\t\t\t<div class=\"field-type-icon\" data-wp-watch=\"callbacks.watchFieldTypeIcon\"><\/div>\n\t\t\t\t\t\t\t<div class=\"field-name\" data-wp-text=\"context.submission.label\" data-wp-bind--hidden=\"!context.submission.label\"><\/div>\n\t\t\t\t\t\t<\/div>\n\t\t\t\t\t\t<div class=\"field-value\" data-wp-text=\"context.submission.value\" data-wp-bind--hidden=\"!context.submission.showPlainValue\"><\/div>\n\t\t\t\t\t\t<a class=\"field-url\" data-wp-bind--href=\"context.submission.url\" data-wp-text=\"context.submission.value\" data-wp-bind--hidden=\"!context.submission.url\" target=\"_blank\" rel=\"noopener noreferrer\"><\/a>\n\t\t\t\t\t\t<div class=\"field-rating\" data-wp-bind--hidden=\"!context.submission.rating\" data-wp-watch=\"callbacks.watchRatingIcons\"><\/div>\n\t\t\t\t\t\t<div class=\"field-images\" data-wp-bind--hidden=\"!context.submission.images\">\n\t\t\t\t\t\t\t<template data-wp-each--image=\"context.submission.images\">\n\t\t\t\t\t\t\t\t<div class=\"field-image-option\" data-wp-class--is-empty=\"!context.image.src\">\n\t\t\t\t\t\t\t\t\t<figure class=\"field-image-option__image\" data-wp-class--is-empty=\"!context.image.src\">\n\t\t\t\t\t\t\t\t\t\t<img data-wp-bind--src=\"context.image.src\" data-wp-bind--hidden=\"!context.image.src\" \/>\n\t\t\t\t\t\t\t\t\t\t<img decoding=\"async\" src=\"data:image\/gif;base64,R0lGODlhAQABAAD\/ACwAAAAAAQABAAACADs=\" data-wp-bind--hidden=\"context.image.src\" \/>\n\t\t\t\t\t\t\t\t\t<\/figure>\n\t\t\t\t\t\t\t\t\t<div class=\"field-image-option__label-wrapper\">\n\t\t\t\t\t\t\t\t\t\t<span class=\"field-image-option__label-code\" data-wp-text=\"context.image.letterCode\"><\/span>\n\t\t\t\t\t\t\t\t\t\t<span class=\"field-image-option__label\" data-wp-text=\"context.image.label\" data-wp-bind--hidden=\"!context.image.label\"><\/span>\n\t\t\t\t\t\t\t\t\t<\/div>\n\t\t\t\t\t\t\t\t<\/div>\n\t\t\t\t\t\t\t<\/template>\n\t\t\t\t\t\t<\/div>\n\t\t\t\t\t\t<div class=\"field-files\" data-wp-bind--hidden=\"!context.submission.files\">\n\t\t\t\t\t\t\t<template data-wp-each--file=\"context.submission.files\">\n\t\t\t\t\t\t\t\t<div class=\"field-file\">\n\t\t\t\t\t\t\t\t\t<div class=\"field-file__thumbnail\" data-wp-style--background-image=\"context.file.previewUrl\" data-wp-style--mask-image=\"context.file.iconUrl\" data-wp-bind--hidden=\"!context.file.hasPreview\"><\/div>\n\t\t\t\t\t\t\t\t\t<svg class=\"field-file__icon\" data-wp-bind--hidden=\"context.file.hasPreview\" width=\"20\" height=\"20\" viewBox=\"0 0 24 24\" fill=\"none\" xmlns=\"http:\/\/www.w3.org\/2000\/svg\" aria-hidden=\"true\">\n\t\t\t\t\t\t\t\t\t\t<path d=\"M14 2H6C4.9 2 4 2.9 4 4V20C4 21.1 4.89 22 5.99 22H18C19.1 22 20 21.1 20 20V8L14 2ZM18 20H6V4H13V9H18V20Z\" fill=\"currentColor\"\/>\n\t\t\t\t\t\t\t\t\t<\/svg>\n\t\t\t\t\t\t\t\t\t<span class=\"field-file__name\" data-wp-text=\"context.file.name\"><\/span>\n\t\t\t\t\t\t\t\t\t<span class=\"field-file__size\" data-wp-text=\"context.file.size\"><\/span>\n\t\t\t\t\t\t\t\t<\/div>\n\t\t\t\t\t\t\t<\/template>\n\t\t\t\t\t\t<\/div>\n\t\t\t\t\t<\/div>\n\t\t\t\t<\/template><\/div><form action='https:\/\/bcntranslation.com\/es\/contacto\/'\n\t\t\t\tid='jp-form-84800a9fd0e505230c70bcfe7c9c1ee1f2807cb3'\n\t\t\t\tmethod='post'\n\t\t\t\tclass='contact-form commentsblock jetpack-contact-form__form has-no-jetpack-form-layout' aria-label=\"Contacte conmigo\"\n\t\t\t\tdata-wp-on--submit=\"actions.onFormSubmit\"\n\t\t\t\tdata-wp-on--reset=\"actions.onFormReset\"\n\t\t\t\tdata-wp-class--submission-success=\"context.submissionSuccess\"\n\t\t\t\tdata-wp-class--is-first-step=\"state.isFirstStep\"\n\t\t\t\tdata-wp-class--is-last-step=\"state.isLastStep\"\n\t\t\t\tdata-wp-class--is-ajax-form=\"context.useAjax\"\n\t\t\t\tnovalidate >\n<input type='hidden' name='jetpack_contact_form_jwt' value='eyJ0eXAiOiJKV1QiLCJhbGciOiJIUzI1NiJ9.eyJlbmNyeXB0ZWRfYXR0cmlidXRlcyI6IkN0VnpMcXVsaWMxbG4vdkpGVktUZjBTWFR4cFd1dm5TS3F2MkhFSlhGVkRwbjNnanhRSUdSMGRzY3hQUCthNTZCOFJzM1krZXFMYWd5eDhSa29qTDhhOVZKNXpYQzQ5b3h3aEVMYVVWaS9WbWdWSDU1MGlqWGZNSUd2Tmdpb01XcU82THl5cHRaS3ZkZEFmdGVLeXBpN3NWT1JoWW82eStCcnpOV2tRTCtEUDVFMzVwNGRPU0g1TFVaUU1RNFRucTJkSFI5MFVzWGNhRkVuZ0wyTkFDeitZV095TDRWK0lPeHVaejhGd2VKVVRyQ3FvaVlIZEdVL2wzUGRzM0duZUJlS2hEQiszWTdXTVVpSVh3TThFemFUWVhtOEhieW1jRW1nTE44Q0RvTEpwZEV4RkdtK2JsK1Q0aEhLNGtFbUNua29acUhnU1Q1bmRRV1o1U3E2SWFsM2NaMnc4Y0lQSUdLdkozK1R0ZGI0MVRodFFWWGZDZzdtSzltZ0lRSGVxTy9oOVRqODNIc3lBRnY5ek1ZUFZ5Qkp5aGljUkN6K3VlTXdEcmZ2bjBwd0YydFBWamtkRzJTVlZrbTh6K2xHeFdKMFl4TEYyRlNJdzNJRjYxbFdmejhFZWxjN2xqTEhwc0xsazdtNXM0enQ1TXJNWXZDVTJiUWVJWkxmSm9TWmhtZlRMaGRIa091M3lXc3Q4MW1JS3YzZXd0MWo1R2pQcC9JeS82QjEva1JJUkVDRkNjeTI3ck94VU9abHZxZk9aSGk5MTlaVld1OUpocWtML01JOVVjRnM2ckNCeHRRTHBjT2d2NjgyUi9JdUZheEJxemN2K0c3VEVCZDNtYXpEQ2Y4QXpKK0pTbEZHT1NnRzZtRDB3ckZ3MU81WDUrbUJXOHdSRGhKZExHaTVZY0daNjJqMkVNS1hnOERCRmxBaDAwSVpGK0tZR096ZWZKY3VkV0xNNVhEa3dobXlrSWcrRkRHYUx4SHljUHhlYzRQV3dHaXlrOVNmT1FhTmZZcHgvRC9DMzR0OXc2SXpoRWhCd2xZanB4NTU5eElKTVpYNGd1ejNBUFF1TEVSc2NKNGc5UHdSVFVQcTRSVlNPTUVONzhIaTJtdGl1UlluSVVUTmE0N2t0SmNZaUg0b3lZRmhFTjJUZ2JHcXdnbHlQVTlJVGFuMXkweTVVcmdqeVV0L01mUW9qNm9aTnVmb1hVUWJGVmRnPT0iLCJjb250ZW50IjoiIFtjb250YWN0LWZpZWxkIGxhYmVsPVwiTm9tYnJlXCIgdHlwZT1cIm5hbWVcIiByZXF1aXJlZD1cInRydWVcIiAvXSBbY29udGFjdC1maWVsZCBsYWJlbD1cIkVtYWlsXCIgdHlwZT1cImVtYWlsXCIgcmVxdWlyZWQ9XCJ0cnVlXCIgL10gW2NvbnRhY3QtZmllbGQgbGFiZWw9XCJNZW5zYWplXCIgdHlwZT1cInRleHRhcmVhXCIgcmVxdWlyZWQ9XCJ0cnVlXCIgL10gW2JvemRvel9yanBfLWJ1dHRvbl0iLCJoYXNoIjoiODQ4MDBhOWZkMGU1MDUyMzBjNzBiY2ZlN2M5YzFlZTFmMjgwN2NiMyIsInNvdXJjZSI6eyJlbnRyeV90aXRsZSI6IkNvbnRhY3RlIGNvbm1pZ28iLCJlbnRyeV9wYWdlIjoxLCJzb3VyY2VfaWQiOjYyMCwic291cmNlX3R5cGUiOiJzaW5nbGUiLCJyZXF1ZXN0X3VybCI6Imh0dHBzOi8vYmNudHJhbnNsYXRpb24uY29tL2VzL3dwLWpzb24vd3AvdjIvcGFnZXMvNjIwLyJ9LCJ2ZXJzaW9uIjoyLCJjaXBoZXIiOiJhZXMtMjU2LWdjbSJ9.O0hFmrll0zRPVNoR9FyVJvUchdn6FAbf6Cs6WxVNhA8' \/>\n \n<div style=\"\"  data-wp-interactive=\"jetpack\/form\" data-wp-context='{\"fieldId\":\"g620-nombre\",\"fieldType\":\"name\",\"fieldLabel\":\"Nombre\",\"fieldValue\":\"\",\"fieldPlaceholder\":\"\",\"fieldIsRequired\":\"1\",\"fieldErrorMessage\":\"\",\"fieldExtra\":[],\"formHash\":\"84800a9fd0e505230c70bcfe7c9c1ee1f2807cb3\"}'  class='grunion-field-name-wrap grunion-field-wrap'  data-wp-init='callbacks.initializeField' data-wp-on--jetpack-form-reset='callbacks.initializeField' >\n<label\n\t\t\t\tfor='g620-nombre' class=\"grunion-field-label name\" >Nombre<span class=\"grunion-label-required\" aria-hidden=\"true\">(obligatorio)<\/span><\/label>\n<input\n\t\t\t\t\ttype='text'\n\t\t\t\t\tname='g620-nombre'\n\t\t\t\t\tid='g620-nombre'\n\t\t\t\t\tvalue=''\n\n\t\t\t\t\tdata-wp-bind--aria-invalid='state.fieldAriaInvalid'\n\t\t\t\t\tdata-wp-bind--value='state.getFieldValue'\n\t\t\t\t\taria-describedby='g620-nombre-text-error-message'\n\t\t\t\t\tdata-wp-on--input='actions.onFieldChange'\n\t\t\t\t\tdata-wp-on--blur='actions.onFieldBlur'\n\t\t\t\t\tdata-wp-class--has-value='state.hasFieldValue'\n\n\t\t\t\t\tclass='name  grunion-field' \n\t\t\t\t\trequired='true' aria-required='true'  \/>\n \n\t\t\t<div id=\"g620-nombre-text-error\" class=\"contact-form__input-error\" data-wp-class--has-errors=\"state.fieldHasErrors\">\n\t\t\t\t<span class=\"contact-form__warning-icon\" aria-hidden=\"true\">\n\t\t\t\t\t<svg width=\"16\" height=\"16\" viewBox=\"0 0 16 16\" fill=\"none\" xmlns=\"http:\/\/www.w3.org\/2000\/svg\">\n\t\t\t\t\t\t<path d=\"M8.50015 11.6402H7.50015V10.6402H8.50015V11.6402Z\" \/>\n\t\t\t\t\t\t<path d=\"M7.50015 9.64018H8.50015V6.30684H7.50015V9.64018Z\" \/>\n\t\t\t\t\t\t<path fill-rule=\"evenodd\" clip-rule=\"evenodd\" d=\"M6.98331 3.0947C7.42933 2.30177 8.57096 2.30177 9.01698 3.09469L13.8771 11.7349C14.3145 12.5126 13.7525 13.4735 12.8602 13.4735H3.14004C2.24774 13.4735 1.68575 12.5126 2.12321 11.7349L6.98331 3.0947ZM8.14541 3.58496C8.08169 3.47168 7.9186 3.47168 7.85488 3.58496L2.99478 12.2251C2.93229 12.3362 3.01257 12.4735 3.14004 12.4735H12.8602C12.9877 12.4735 13.068 12.3362 13.0055 12.2251L8.14541 3.58496Z\" \/>\n\t\t\t\t\t<\/svg>\n\t\t\t\t<\/span>\n\t\t\t\t<span data-wp-text=\"state.errorMessage\" id=\"g620-nombre-text-error-message\"><\/span>\n\t\t\t<\/div> \n\t<\/div>\n \n<div style=\"\"  data-wp-interactive=\"jetpack\/form\" data-wp-context='{\"fieldId\":\"g620-email\",\"fieldType\":\"email\",\"fieldLabel\":\"Email\",\"fieldValue\":\"\",\"fieldPlaceholder\":\"\",\"fieldIsRequired\":\"1\",\"fieldErrorMessage\":\"\",\"fieldExtra\":[],\"formHash\":\"84800a9fd0e505230c70bcfe7c9c1ee1f2807cb3\"}'  class='grunion-field-email-wrap grunion-field-wrap'  data-wp-init='callbacks.initializeField' data-wp-on--jetpack-form-reset='callbacks.initializeField' >\n<label\n\t\t\t\tfor='g620-email' class=\"grunion-field-label email\" >Email<span class=\"grunion-label-required\" aria-hidden=\"true\">(obligatorio)<\/span><\/label>\n<input\n\t\t\t\t\ttype='email'\n\t\t\t\t\tname='g620-email'\n\t\t\t\t\tid='g620-email'\n\t\t\t\t\tvalue=''\n\n\t\t\t\t\tdata-wp-bind--aria-invalid='state.fieldAriaInvalid'\n\t\t\t\t\tdata-wp-bind--value='state.getFieldValue'\n\t\t\t\t\taria-describedby='g620-email-email-error-message'\n\t\t\t\t\tdata-wp-on--input='actions.onFieldChange'\n\t\t\t\t\tdata-wp-on--blur='actions.onFieldBlur'\n\t\t\t\t\tdata-wp-class--has-value='state.hasFieldValue'\n\n\t\t\t\t\tclass='email  grunion-field' \n\t\t\t\t\trequired='true' aria-required='true'  \/>\n \n\t\t\t<div id=\"g620-email-email-error\" class=\"contact-form__input-error\" data-wp-class--has-errors=\"state.fieldHasErrors\">\n\t\t\t\t<span class=\"contact-form__warning-icon\" aria-hidden=\"true\">\n\t\t\t\t\t<svg width=\"16\" height=\"16\" viewBox=\"0 0 16 16\" fill=\"none\" xmlns=\"http:\/\/www.w3.org\/2000\/svg\">\n\t\t\t\t\t\t<path d=\"M8.50015 11.6402H7.50015V10.6402H8.50015V11.6402Z\" \/>\n\t\t\t\t\t\t<path d=\"M7.50015 9.64018H8.50015V6.30684H7.50015V9.64018Z\" \/>\n\t\t\t\t\t\t<path fill-rule=\"evenodd\" clip-rule=\"evenodd\" d=\"M6.98331 3.0947C7.42933 2.30177 8.57096 2.30177 9.01698 3.09469L13.8771 11.7349C14.3145 12.5126 13.7525 13.4735 12.8602 13.4735H3.14004C2.24774 13.4735 1.68575 12.5126 2.12321 11.7349L6.98331 3.0947ZM8.14541 3.58496C8.08169 3.47168 7.9186 3.47168 7.85488 3.58496L2.99478 12.2251C2.93229 12.3362 3.01257 12.4735 3.14004 12.4735H12.8602C12.9877 12.4735 13.068 12.3362 13.0055 12.2251L8.14541 3.58496Z\" \/>\n\t\t\t\t\t<\/svg>\n\t\t\t\t<\/span>\n\t\t\t\t<span data-wp-text=\"state.errorMessage\" id=\"g620-email-email-error-message\"><\/span>\n\t\t\t<\/div> \n\t<\/div>\n \n<div style=\"\"  data-wp-interactive=\"jetpack\/form\" data-wp-context='{\"fieldId\":\"g620-mensaje\",\"fieldType\":\"textarea\",\"fieldLabel\":\"Mensaje\",\"fieldValue\":\"\",\"fieldPlaceholder\":\"\",\"fieldIsRequired\":\"1\",\"fieldErrorMessage\":\"\",\"fieldExtra\":[],\"formHash\":\"84800a9fd0e505230c70bcfe7c9c1ee1f2807cb3\"}'  class='grunion-field-textarea-wrap grunion-field-wrap'  data-wp-init='callbacks.initializeField' data-wp-on--jetpack-form-reset='callbacks.initializeField' >\n<label\n\t\t\t\tfor='contact-form-comment-g620-mensaje' class=\"grunion-field-label textarea\" >Mensaje<span class=\"grunion-label-required\" aria-hidden=\"true\">(obligatorio)<\/span><\/label>\n<textarea\n\t\t                style=''\n\t\t                name='g620-mensaje'\n\t\t                id='contact-form-comment-g620-mensaje'\n\t\t                rows='20'\n\t\t\t\t\t\tdata-wp-text='state.getFieldValue'\n\t\t\t\t\t\tdata-wp-on--input='actions.onFieldChange'\n\t\t\t\t\t\tdata-wp-on--blur='actions.onFieldBlur'\n\t\t\t\t\t\tdata-wp-class--has-value='state.hasFieldValue'\n\t\t\t\t\t\taria-describedby='g620-mensaje-textarea-error-message'\n\t\t\t\t\t\tdata-wp-bind--aria-invalid='state.fieldAriaInvalid'\n\t\t\t\t\t\tclass='textarea  grunion-field'  required aria-required='true'><\/textarea>\n \n\t\t\t<div id=\"g620-mensaje-textarea-error\" class=\"contact-form__input-error\" data-wp-class--has-errors=\"state.fieldHasErrors\">\n\t\t\t\t<span class=\"contact-form__warning-icon\" aria-hidden=\"true\">\n\t\t\t\t\t<svg width=\"16\" height=\"16\" viewBox=\"0 0 16 16\" fill=\"none\" xmlns=\"http:\/\/www.w3.org\/2000\/svg\">\n\t\t\t\t\t\t<path d=\"M8.50015 11.6402H7.50015V10.6402H8.50015V11.6402Z\" \/>\n\t\t\t\t\t\t<path d=\"M7.50015 9.64018H8.50015V6.30684H7.50015V9.64018Z\" \/>\n\t\t\t\t\t\t<path fill-rule=\"evenodd\" clip-rule=\"evenodd\" d=\"M6.98331 3.0947C7.42933 2.30177 8.57096 2.30177 9.01698 3.09469L13.8771 11.7349C14.3145 12.5126 13.7525 13.4735 12.8602 13.4735H3.14004C2.24774 13.4735 1.68575 12.5126 2.12321 11.7349L6.98331 3.0947ZM8.14541 3.58496C8.08169 3.47168 7.9186 3.47168 7.85488 3.58496L2.99478 12.2251C2.93229 12.3362 3.01257 12.4735 3.14004 12.4735H12.8602C12.9877 12.4735 13.068 12.3362 13.0055 12.2251L8.14541 3.58496Z\" \/>\n\t\t\t\t\t<\/svg>\n\t\t\t\t<\/span>\n\t\t\t\t<span data-wp-text=\"state.errorMessage\" id=\"g620-mensaje-textarea-error-message\"><\/span>\n\t\t\t<\/div>\n\t<\/div>\n <div class=\"invisible-recaptcha\" \n                            data-sitekey=\"6Leyqc8UAAAAAJ9KSC2NhLpFDtNPs9CDIFynKjIc\"\n                            ><\/div><input type=\"hidden\" id=\"recaptcha_nonce\" name=\"recaptcha_nonce\" value=\"6caeb56094\" \/><input type=\"hidden\" name=\"_wp_http_referer\" value=\"\/es\/wp-json\/wp\/v2\/pages\/620\" \/>\t<p class='contact-submit'>\n<div class=\"contact-form__error\" data-wp-class--show-errors=\"state.showFormErrors\"><span class=\"contact-form__warning-icon\" aria-hidden=\"true\"><i><\/i><\/span><span class=\"contact-form__error-message\" tabindex=\"-1\" data-wp-watch=\"callbacks.focusOnValidationError\" data-wp-text=\"state.getFormErrorMessage\"><\/span><ul aria-label=\"Errores del formulario\">\n\t\t\t\t<template data-wp-each=\"state.getErrorList\" data-wp-key=\"context.item.id\">\n\t\t\t\t\t<li><a data-wp-bind--href=\"context.item.anchor\" data-wp-on--click=\"actions.scrollIntoView\" data-wp-text=\"context.item.label\"><\/a><\/li>\n\t\t\t\t<\/template>\n\t\t\t\t<\/ul><\/div><div class=\"contact-form__error\" data-wp-class--show-errors=\"state.showSubmissionError\" data-wp-text=\"context.submissionError\" tabindex=\"-1\" data-wp-watch=\"callbacks.focusOnSubmissionError\"><\/div>\t\t<button type='submit' class='pushbutton-wide'>Enviar<\/button>\t\t<input type='hidden' name='contact-form-id' value='620' \/>\n\t\t<input type='hidden' name='action' value='grunion-contact-form' \/>\n\t\t<input type='hidden' name='contact-form-hash' value='84800a9fd0e505230c70bcfe7c9c1ee1f2807cb3' \/>\n\t<\/p>\n<\/form>\n<\/div>\n","protected":false},"excerpt":{"rendered":"<p>Puedes contactar conmigo, Sophie Dobson, en info@bcntranslation.com o llamando al +34 687 348 819. Por favor deja tu n\u00famero y un mensaje si no puedo contestar. Si quieres un presupuesto por favor, dame los detalles del encargo. Para una traducci\u00f3n: n\u00famero de palabras, asunto, fecha de entrego. Para interpretaci\u00f3n: ubicaci\u00f3n, fecha, asunto. Entre semana contesto [&hellip;]<\/p>\n","protected":false},"author":1,"featured_media":0,"parent":0,"menu_order":80,"comment_status":"open","ping_status":"closed","template":"","meta":{"_monsterinsights_skip_tracking":false,"_monsterinsights_sitenote_active":false,"_monsterinsights_sitenote_note":"","_monsterinsights_sitenote_category":0,"footnotes":""},"class_list":["post-620","page","type-page","status-publish","hentry","entry"],"yoast_head":"<!-- This site is optimized with the Yoast SEO plugin v27.3 - https:\/\/yoast.com\/product\/yoast-seo-wordpress\/ -->\n<title>Contacte conmigo - BCN Translation<\/title>\n<meta name=\"description\" content=\"Si tiene alguna pregunta sobre mis servicios de idioma por favour pongase en contacto conmigo en info@bcntranslation.com o en el +34 687 348 819.\" \/>\n<meta name=\"robots\" content=\"index, follow, max-snippet:-1, max-image-preview:large, max-video-preview:-1\" \/>\n<link rel=\"canonical\" href=\"https:\/\/bcntranslation.com\/es\/contacto\/\" \/>\n<meta property=\"og:locale\" content=\"es_ES\" \/>\n<meta property=\"og:type\" content=\"article\" \/>\n<meta property=\"og:title\" content=\"Contacte conmigo - BCN Translation\" \/>\n<meta property=\"og:description\" content=\"Si tiene alguna pregunta sobre mis servicios de idioma por favour pongase en contacto conmigo en info@bcntranslation.com o en el +34 687 348 819.\" \/>\n<meta property=\"og:url\" content=\"https:\/\/bcntranslation.com\/es\/contacto\/\" \/>\n<meta property=\"og:site_name\" content=\"BCN Translation\" \/>\n<meta property=\"article:modified_time\" content=\"2017-10-28T16:52:40+00:00\" \/>\n<meta property=\"og:image\" content=\"https:\/\/i0.wp.com\/bcntranslation.com\/wp-content\/uploads\/2017\/10\/sophie-buchanan-open-graph.jpg?fit=600%2C425&ssl=1\" \/>\n\t<meta property=\"og:image:width\" content=\"600\" \/>\n\t<meta property=\"og:image:height\" content=\"425\" \/>\n\t<meta property=\"og:image:type\" content=\"image\/jpeg\" \/>\n<meta name=\"twitter:card\" content=\"summary_large_image\" \/>\n<meta name=\"twitter:site\" content=\"@SophieKBuchanan\" \/>\n<meta name=\"twitter:label1\" content=\"Tiempo de lectura\" \/>\n\t<meta name=\"twitter:data1\" content=\"1 minute\" \/>\n<script type=\"application\/ld+json\" class=\"yoast-schema-graph\">{\"@context\":\"https:\\\/\\\/schema.org\",\"@graph\":[{\"@type\":\"WebPage\",\"@id\":\"https:\\\/\\\/bcntranslation.com\\\/es\\\/contacto\\\/\",\"url\":\"https:\\\/\\\/bcntranslation.com\\\/es\\\/contacto\\\/\",\"name\":\"Contacte conmigo - BCN Translation\",\"isPartOf\":{\"@id\":\"https:\\\/\\\/bcntranslation.com\\\/es\\\/#website\"},\"datePublished\":\"2013-03-01T08:00:53+00:00\",\"dateModified\":\"2017-10-28T16:52:40+00:00\",\"description\":\"Si tiene alguna pregunta sobre mis servicios de idioma por favour pongase en contacto conmigo en info@bcntranslation.com o en el +34 687 348 819.\",\"breadcrumb\":{\"@id\":\"https:\\\/\\\/bcntranslation.com\\\/es\\\/contacto\\\/#breadcrumb\"},\"inLanguage\":\"es-ES\",\"potentialAction\":[{\"@type\":\"ReadAction\",\"target\":[\"https:\\\/\\\/bcntranslation.com\\\/es\\\/contacto\\\/\"]}]},{\"@type\":\"BreadcrumbList\",\"@id\":\"https:\\\/\\\/bcntranslation.com\\\/es\\\/contacto\\\/#breadcrumb\",\"itemListElement\":[{\"@type\":\"ListItem\",\"position\":1,\"name\":\"Home\",\"item\":\"https:\\\/\\\/bcntranslation.com\\\/es\\\/\"},{\"@type\":\"ListItem\",\"position\":2,\"name\":\"Contacte conmigo\"}]},{\"@type\":\"WebSite\",\"@id\":\"https:\\\/\\\/bcntranslation.com\\\/es\\\/#website\",\"url\":\"https:\\\/\\\/bcntranslation.com\\\/es\\\/\",\"name\":\"BCN Translation\",\"description\":\"Traducci\u00f3n, interpretaci\u00f3n y correcci\u00f3n del espa\u00f1ol al ingl\u00e9s\",\"potentialAction\":[{\"@type\":\"SearchAction\",\"target\":{\"@type\":\"EntryPoint\",\"urlTemplate\":\"https:\\\/\\\/bcntranslation.com\\\/es\\\/?s={search_term_string}\"},\"query-input\":{\"@type\":\"PropertyValueSpecification\",\"valueRequired\":true,\"valueName\":\"search_term_string\"}}],\"inLanguage\":\"es-ES\"}]}<\/script>\n<!-- \/ Yoast SEO plugin. -->","yoast_head_json":{"title":"Contacte conmigo - BCN Translation","description":"Si tiene alguna pregunta sobre mis servicios de idioma por favour pongase en contacto conmigo en info@bcntranslation.com o en el +34 687 348 819.","robots":{"index":"index","follow":"follow","max-snippet":"max-snippet:-1","max-image-preview":"max-image-preview:large","max-video-preview":"max-video-preview:-1"},"canonical":"https:\/\/bcntranslation.com\/es\/contacto\/","og_locale":"es_ES","og_type":"article","og_title":"Contacte conmigo - BCN Translation","og_description":"Si tiene alguna pregunta sobre mis servicios de idioma por favour pongase en contacto conmigo en info@bcntranslation.com o en el +34 687 348 819.","og_url":"https:\/\/bcntranslation.com\/es\/contacto\/","og_site_name":"BCN Translation","article_modified_time":"2017-10-28T16:52:40+00:00","og_image":[{"width":600,"height":425,"url":"https:\/\/i0.wp.com\/bcntranslation.com\/wp-content\/uploads\/2017\/10\/sophie-buchanan-open-graph.jpg?fit=600%2C425&ssl=1","type":"image\/jpeg"}],"twitter_card":"summary_large_image","twitter_site":"@SophieKBuchanan","twitter_misc":{"Tiempo de lectura":"1 minute"},"schema":{"@context":"https:\/\/schema.org","@graph":[{"@type":"WebPage","@id":"https:\/\/bcntranslation.com\/es\/contacto\/","url":"https:\/\/bcntranslation.com\/es\/contacto\/","name":"Contacte conmigo - BCN Translation","isPartOf":{"@id":"https:\/\/bcntranslation.com\/es\/#website"},"datePublished":"2013-03-01T08:00:53+00:00","dateModified":"2017-10-28T16:52:40+00:00","description":"Si tiene alguna pregunta sobre mis servicios de idioma por favour pongase en contacto conmigo en info@bcntranslation.com o en el +34 687 348 819.","breadcrumb":{"@id":"https:\/\/bcntranslation.com\/es\/contacto\/#breadcrumb"},"inLanguage":"es-ES","potentialAction":[{"@type":"ReadAction","target":["https:\/\/bcntranslation.com\/es\/contacto\/"]}]},{"@type":"BreadcrumbList","@id":"https:\/\/bcntranslation.com\/es\/contacto\/#breadcrumb","itemListElement":[{"@type":"ListItem","position":1,"name":"Home","item":"https:\/\/bcntranslation.com\/es\/"},{"@type":"ListItem","position":2,"name":"Contacte conmigo"}]},{"@type":"WebSite","@id":"https:\/\/bcntranslation.com\/es\/#website","url":"https:\/\/bcntranslation.com\/es\/","name":"BCN Translation","description":"Traducci\u00f3n, interpretaci\u00f3n y correcci\u00f3n del espa\u00f1ol al ingl\u00e9s","potentialAction":[{"@type":"SearchAction","target":{"@type":"EntryPoint","urlTemplate":"https:\/\/bcntranslation.com\/es\/?s={search_term_string}"},"query-input":{"@type":"PropertyValueSpecification","valueRequired":true,"valueName":"search_term_string"}}],"inLanguage":"es-ES"}]}},"jetpack_sharing_enabled":true,"_links":{"self":[{"href":"https:\/\/bcntranslation.com\/es\/wp-json\/wp\/v2\/pages\/620","targetHints":{"allow":["GET"]}}],"collection":[{"href":"https:\/\/bcntranslation.com\/es\/wp-json\/wp\/v2\/pages"}],"about":[{"href":"https:\/\/bcntranslation.com\/es\/wp-json\/wp\/v2\/types\/page"}],"author":[{"embeddable":true,"href":"https:\/\/bcntranslation.com\/es\/wp-json\/wp\/v2\/users\/1"}],"replies":[{"embeddable":true,"href":"https:\/\/bcntranslation.com\/es\/wp-json\/wp\/v2\/comments?post=620"}],"version-history":[{"count":1,"href":"https:\/\/bcntranslation.com\/es\/wp-json\/wp\/v2\/pages\/620\/revisions"}],"predecessor-version":[{"id":643,"href":"https:\/\/bcntranslation.com\/es\/wp-json\/wp\/v2\/pages\/620\/revisions\/643"}],"wp:attachment":[{"href":"https:\/\/bcntranslation.com\/es\/wp-json\/wp\/v2\/media?parent=620"}],"curies":[{"name":"wp","href":"https:\/\/api.w.org\/{rel}","templated":true}]}}