{"id":614,"date":"2013-03-01T09:00:35","date_gmt":"2013-03-01T08:00:35","guid":{"rendered":"https:\/\/bcntranslation.com\/traduccion-del-espanol-al-ingles-en-barcelona\/"},"modified":"2017-11-13T09:56:54","modified_gmt":"2017-11-13T08:56:54","slug":"traduccion-espanol-ingles","status":"publish","type":"page","link":"https:\/\/bcntranslation.com\/es\/traduccion-espanol-ingles\/","title":{"rendered":"Traducci\u00f3n del espa\u00f1ol al ingl\u00e9s en Barcelona"},"content":{"rendered":"<p>Viviendo en el centro de Barcelona, veo muchas traducci\u00f3nes err\u00f3neas: desde las cartas de los restaurants hasta los folletos de los museos, se\u00f1ales e incluso, la documentaci\u00f3n y los impresos de empresas prestigiosas. Tener la informaci\u00f3n bien traducida dar\u00e1 a su negocio una imagen m\u00e1s profesional y atractiva a potenciales clientes.<\/p>\n<p>Fiable y con precios econ\u00f3micos. Traduzco todo tipo de documentos, incluyendo:<\/p>\n<ul class=\"sectors-left\">\n<li>Jur\u00eddicos<\/li>\n<li>M\u00e9dicos<\/li>\n<li>T\u00e9cnicos<\/li>\n<li>Negocios<\/li>\n<li>Hotel y restaurante<\/li>\n<li>Inform\u00e1tica y telecomunicaciones<\/li>\n<\/ul>\n<ul class=\"sectors-right\">\n<li>Seguro<\/li>\n<li>Turismo<\/li>\n<li>Financieros<\/li>\n<li>Ventas<\/li>\n<li>P\u00e1ginas webs<\/li>\n<li>Trabajos acad\u00e9micos<\/li>\n<\/ul>\n<p class=\"clear\">La traducci\u00f3n se cobra por palabra y el tiempo de entrega depende del n\u00famero de palabras y el asunto del documento.<\/p>\n<h2>Transcripci\u00f3n de audio<\/h2>\n<p>Si tiene una grabaci\u00f3n que necesita transcribir, sea una reuni\u00f3n de negocios, una canci\u00f3n, o cualquier otra forma de audio, yo se lo puedo hacer.<\/p>\n<h2>Traducci\u00f3nes urgentes<\/h2>\n<p>La era digital requiere que los encargos se realicen de manera r\u00e1pida y eficiente. Si tiene que cumplir con una fecha de entrega pr\u00f3xima o tiene un documento para traducir de manera urgente puede confiar en m\u00ed\u00a0 para tenerlo hecho a tiempo.\u00a0 Yo puedo traducir su documento en 24 horas (\u00a1novelas no por favor!)\u00a0 Hay un suplemento del 30% para traducci\u00f3nes urgentes.<\/p>\n<p>\u00a1Paga un poco m\u00e1s, pero tenlo hecho antes!<\/p>\n<p><strong>Ver la lista de <a title=\"tarifas de traducci\u00f3n del espa\u00f1ol al ingles\" href=\"https:\/\/bcntranslation.com\/es\/tarifas-traduccion\/\">tarifas<\/a>\u00a0en servicios que ofrece BCN Translation.<\/strong><\/p>\n","protected":false},"excerpt":{"rendered":"<p>Viviendo en el centro de Barcelona, veo muchas traducci\u00f3nes err\u00f3neas: desde las cartas de los restaurants hasta los folletos de los museos, se\u00f1ales e incluso, la documentaci\u00f3n y los impresos de empresas prestigiosas. Tener la informaci\u00f3n bien traducida dar\u00e1 a su negocio una imagen m\u00e1s profesional y atractiva a potenciales clientes. Fiable y con precios [&hellip;]<\/p>\n","protected":false},"author":1,"featured_media":0,"parent":0,"menu_order":20,"comment_status":"open","ping_status":"closed","template":"","meta":{"_monsterinsights_skip_tracking":false,"_monsterinsights_sitenote_active":false,"_monsterinsights_sitenote_note":"","_monsterinsights_sitenote_category":0,"footnotes":""},"class_list":["post-614","page","type-page","status-publish","hentry","entry"],"yoast_head":"<!-- This site is optimized with the Yoast SEO plugin v27.3 - https:\/\/yoast.com\/product\/yoast-seo-wordpress\/ -->\n<title>Traducci\u00f3n del espa\u00f1ol al ingl\u00e9s en Barcelona - BCN Translation<\/title>\n<meta name=\"description\" content=\"BCN Translation proporciona traducci\u00f3nes del espa\u00f1ol al ingl\u00e9s por todos tipos de documentos y tambien transcripci\u00f3n de audio y traducci\u00f3nes urgentes.\" \/>\n<meta name=\"robots\" content=\"index, follow, max-snippet:-1, max-image-preview:large, max-video-preview:-1\" \/>\n<link rel=\"canonical\" href=\"https:\/\/bcntranslation.com\/es\/traduccion-espanol-ingles\/\" \/>\n<meta property=\"og:locale\" content=\"es_ES\" \/>\n<meta property=\"og:type\" content=\"article\" \/>\n<meta property=\"og:title\" content=\"Traducci\u00f3n del espa\u00f1ol al ingl\u00e9s en Barcelona - BCN Translation\" \/>\n<meta property=\"og:description\" content=\"BCN Translation proporciona traducci\u00f3nes del espa\u00f1ol al ingl\u00e9s por todos tipos de documentos y tambien transcripci\u00f3n de audio y traducci\u00f3nes urgentes.\" \/>\n<meta property=\"og:url\" content=\"https:\/\/bcntranslation.com\/es\/traduccion-espanol-ingles\/\" \/>\n<meta property=\"og:site_name\" content=\"BCN Translation\" \/>\n<meta property=\"article:modified_time\" content=\"2017-11-13T08:56:54+00:00\" \/>\n<meta property=\"og:image\" content=\"https:\/\/i0.wp.com\/bcntranslation.com\/wp-content\/uploads\/2017\/10\/sophie-buchanan-open-graph.jpg?fit=600%2C425&ssl=1\" \/>\n\t<meta property=\"og:image:width\" content=\"600\" \/>\n\t<meta property=\"og:image:height\" content=\"425\" \/>\n\t<meta property=\"og:image:type\" content=\"image\/jpeg\" \/>\n<meta name=\"twitter:card\" content=\"summary_large_image\" \/>\n<meta name=\"twitter:site\" content=\"@SophieKBuchanan\" \/>\n<meta name=\"twitter:label1\" content=\"Tiempo de lectura\" \/>\n\t<meta name=\"twitter:data1\" content=\"1 minute\" \/>\n<script type=\"application\/ld+json\" class=\"yoast-schema-graph\">{\"@context\":\"https:\\\/\\\/schema.org\",\"@graph\":[{\"@type\":\"WebPage\",\"@id\":\"https:\\\/\\\/bcntranslation.com\\\/es\\\/traduccion-espanol-ingles\\\/\",\"url\":\"https:\\\/\\\/bcntranslation.com\\\/es\\\/traduccion-espanol-ingles\\\/\",\"name\":\"Traducci\u00f3n del espa\u00f1ol al ingl\u00e9s en Barcelona - BCN Translation\",\"isPartOf\":{\"@id\":\"https:\\\/\\\/bcntranslation.com\\\/es\\\/#website\"},\"datePublished\":\"2013-03-01T08:00:35+00:00\",\"dateModified\":\"2017-11-13T08:56:54+00:00\",\"description\":\"BCN Translation proporciona traducci\u00f3nes del espa\u00f1ol al ingl\u00e9s por todos tipos de documentos y tambien transcripci\u00f3n de audio y traducci\u00f3nes urgentes.\",\"breadcrumb\":{\"@id\":\"https:\\\/\\\/bcntranslation.com\\\/es\\\/traduccion-espanol-ingles\\\/#breadcrumb\"},\"inLanguage\":\"es-ES\",\"potentialAction\":[{\"@type\":\"ReadAction\",\"target\":[\"https:\\\/\\\/bcntranslation.com\\\/es\\\/traduccion-espanol-ingles\\\/\"]}]},{\"@type\":\"BreadcrumbList\",\"@id\":\"https:\\\/\\\/bcntranslation.com\\\/es\\\/traduccion-espanol-ingles\\\/#breadcrumb\",\"itemListElement\":[{\"@type\":\"ListItem\",\"position\":1,\"name\":\"Home\",\"item\":\"https:\\\/\\\/bcntranslation.com\\\/es\\\/\"},{\"@type\":\"ListItem\",\"position\":2,\"name\":\"Traducci\u00f3n del espa\u00f1ol al ingl\u00e9s en Barcelona\"}]},{\"@type\":\"WebSite\",\"@id\":\"https:\\\/\\\/bcntranslation.com\\\/es\\\/#website\",\"url\":\"https:\\\/\\\/bcntranslation.com\\\/es\\\/\",\"name\":\"BCN Translation\",\"description\":\"Traducci\u00f3n, interpretaci\u00f3n y correcci\u00f3n del espa\u00f1ol al ingl\u00e9s\",\"potentialAction\":[{\"@type\":\"SearchAction\",\"target\":{\"@type\":\"EntryPoint\",\"urlTemplate\":\"https:\\\/\\\/bcntranslation.com\\\/es\\\/?s={search_term_string}\"},\"query-input\":{\"@type\":\"PropertyValueSpecification\",\"valueRequired\":true,\"valueName\":\"search_term_string\"}}],\"inLanguage\":\"es-ES\"}]}<\/script>\n<!-- \/ Yoast SEO plugin. -->","yoast_head_json":{"title":"Traducci\u00f3n del espa\u00f1ol al ingl\u00e9s en Barcelona - BCN Translation","description":"BCN Translation proporciona traducci\u00f3nes del espa\u00f1ol al ingl\u00e9s por todos tipos de documentos y tambien transcripci\u00f3n de audio y traducci\u00f3nes urgentes.","robots":{"index":"index","follow":"follow","max-snippet":"max-snippet:-1","max-image-preview":"max-image-preview:large","max-video-preview":"max-video-preview:-1"},"canonical":"https:\/\/bcntranslation.com\/es\/traduccion-espanol-ingles\/","og_locale":"es_ES","og_type":"article","og_title":"Traducci\u00f3n del espa\u00f1ol al ingl\u00e9s en Barcelona - BCN Translation","og_description":"BCN Translation proporciona traducci\u00f3nes del espa\u00f1ol al ingl\u00e9s por todos tipos de documentos y tambien transcripci\u00f3n de audio y traducci\u00f3nes urgentes.","og_url":"https:\/\/bcntranslation.com\/es\/traduccion-espanol-ingles\/","og_site_name":"BCN Translation","article_modified_time":"2017-11-13T08:56:54+00:00","og_image":[{"width":600,"height":425,"url":"https:\/\/i0.wp.com\/bcntranslation.com\/wp-content\/uploads\/2017\/10\/sophie-buchanan-open-graph.jpg?fit=600%2C425&ssl=1","type":"image\/jpeg"}],"twitter_card":"summary_large_image","twitter_site":"@SophieKBuchanan","twitter_misc":{"Tiempo de lectura":"1 minute"},"schema":{"@context":"https:\/\/schema.org","@graph":[{"@type":"WebPage","@id":"https:\/\/bcntranslation.com\/es\/traduccion-espanol-ingles\/","url":"https:\/\/bcntranslation.com\/es\/traduccion-espanol-ingles\/","name":"Traducci\u00f3n del espa\u00f1ol al ingl\u00e9s en Barcelona - BCN Translation","isPartOf":{"@id":"https:\/\/bcntranslation.com\/es\/#website"},"datePublished":"2013-03-01T08:00:35+00:00","dateModified":"2017-11-13T08:56:54+00:00","description":"BCN Translation proporciona traducci\u00f3nes del espa\u00f1ol al ingl\u00e9s por todos tipos de documentos y tambien transcripci\u00f3n de audio y traducci\u00f3nes urgentes.","breadcrumb":{"@id":"https:\/\/bcntranslation.com\/es\/traduccion-espanol-ingles\/#breadcrumb"},"inLanguage":"es-ES","potentialAction":[{"@type":"ReadAction","target":["https:\/\/bcntranslation.com\/es\/traduccion-espanol-ingles\/"]}]},{"@type":"BreadcrumbList","@id":"https:\/\/bcntranslation.com\/es\/traduccion-espanol-ingles\/#breadcrumb","itemListElement":[{"@type":"ListItem","position":1,"name":"Home","item":"https:\/\/bcntranslation.com\/es\/"},{"@type":"ListItem","position":2,"name":"Traducci\u00f3n del espa\u00f1ol al ingl\u00e9s en Barcelona"}]},{"@type":"WebSite","@id":"https:\/\/bcntranslation.com\/es\/#website","url":"https:\/\/bcntranslation.com\/es\/","name":"BCN Translation","description":"Traducci\u00f3n, interpretaci\u00f3n y correcci\u00f3n del espa\u00f1ol al ingl\u00e9s","potentialAction":[{"@type":"SearchAction","target":{"@type":"EntryPoint","urlTemplate":"https:\/\/bcntranslation.com\/es\/?s={search_term_string}"},"query-input":{"@type":"PropertyValueSpecification","valueRequired":true,"valueName":"search_term_string"}}],"inLanguage":"es-ES"}]}},"jetpack_sharing_enabled":true,"_links":{"self":[{"href":"https:\/\/bcntranslation.com\/es\/wp-json\/wp\/v2\/pages\/614","targetHints":{"allow":["GET"]}}],"collection":[{"href":"https:\/\/bcntranslation.com\/es\/wp-json\/wp\/v2\/pages"}],"about":[{"href":"https:\/\/bcntranslation.com\/es\/wp-json\/wp\/v2\/types\/page"}],"author":[{"embeddable":true,"href":"https:\/\/bcntranslation.com\/es\/wp-json\/wp\/v2\/users\/1"}],"replies":[{"embeddable":true,"href":"https:\/\/bcntranslation.com\/es\/wp-json\/wp\/v2\/comments?post=614"}],"version-history":[{"count":3,"href":"https:\/\/bcntranslation.com\/es\/wp-json\/wp\/v2\/pages\/614\/revisions"}],"predecessor-version":[{"id":663,"href":"https:\/\/bcntranslation.com\/es\/wp-json\/wp\/v2\/pages\/614\/revisions\/663"}],"wp:attachment":[{"href":"https:\/\/bcntranslation.com\/es\/wp-json\/wp\/v2\/media?parent=614"}],"curies":[{"name":"wp","href":"https:\/\/api.w.org\/{rel}","templated":true}]}}