{"id":610,"date":"2013-03-01T09:00:10","date_gmt":"2013-03-01T08:00:10","guid":{"rendered":"https:\/\/bcntranslation.com\/terminos-y-condiciones-de-translation\/"},"modified":"2017-10-28T18:21:43","modified_gmt":"2017-10-28T16:21:43","slug":"terminos","status":"publish","type":"page","link":"https:\/\/bcntranslation.com\/es\/terminos\/","title":{"rendered":"T\u00e9rminos y Condici\u00f3nes de Translation"},"content":{"rendered":"<ul>\n<li>El texto tiene que ser claro y legible e incluir todas las fotos, dibujos, diagramas y gr\u00e1ficos necesarios para la traducci\u00f3n.<\/li>\n<li>Los costes de entrega y recogida de documentos que no sean enviados por email correr\u00e1n a cargo del cliente.<\/li>\n<li>Me comprometo a mantener la privacidad y proteger adecuadamente los documentos mientras est\u00e9n en mi poder para realizar el trabajo.<\/li>\n<li>Firmar\u00e9 un acuerdo de confidencialidad si es necesario.<\/li>\n<li>El 50% del total tiene que ser pagado con antelaci\u00f3n si el trabajo cuesta m\u00e1s de 200 euros.<\/li>\n<li>Si se cancela un trabajo que ya ha sido aceptado por el cliente y se ha empezado, se cargar\u00e1 un 10% del precio total como cargos de cancelaci\u00f3n.<\/li>\n<li>El pago completo tiene que realizarse en los 14 d\u00edas posteriores a la recepci\u00f3n de la factura final.<\/li>\n<li>Para \u00a0trabajos realizados fuera de Barcelona los costes extra se a\u00f1adir\u00e1n a la factura.\u00a0Ver <a title=\"tarifas de traducci\u00f3n del espa\u00f1ol al ingles\" href=\"https:\/\/bcntranslation.com\/es\/tarifas-traduccion\/\">tarifas<\/a> para m\u00e1s informaci\u00f3n.<\/li>\n<\/ul>\n","protected":false},"excerpt":{"rendered":"<p>El texto tiene que ser claro y legible e incluir todas las fotos, dibujos, diagramas y gr\u00e1ficos necesarios para la traducci\u00f3n. Los costes de entrega y recogida de documentos que no sean enviados por email correr\u00e1n a cargo del cliente. Me comprometo a mantener la privacidad y proteger adecuadamente los documentos mientras est\u00e9n en mi [&hellip;]<\/p>\n","protected":false},"author":1,"featured_media":0,"parent":0,"menu_order":60,"comment_status":"open","ping_status":"closed","template":"","meta":{"_monsterinsights_skip_tracking":false,"_monsterinsights_sitenote_active":false,"_monsterinsights_sitenote_note":"","_monsterinsights_sitenote_category":0,"footnotes":""},"class_list":["post-610","page","type-page","status-publish","hentry","entry"],"yoast_head":"<!-- This site is optimized with the Yoast SEO plugin v27.3 - https:\/\/yoast.com\/product\/yoast-seo-wordpress\/ -->\n<title>T\u00e9rminos y Condici\u00f3nes de Translation - BCN Translation<\/title>\n<meta name=\"description\" content=\"Por favor lee los terminos y condici\u00f3nes antes de aceptar alg\u00fan trabajo. Un Acuerdo de Confidencialidad puede ser firmado si necesario.\" \/>\n<meta name=\"robots\" content=\"index, follow, max-snippet:-1, max-image-preview:large, max-video-preview:-1\" \/>\n<link rel=\"canonical\" href=\"https:\/\/bcntranslation.com\/es\/terminos\/\" \/>\n<meta property=\"og:locale\" content=\"es_ES\" \/>\n<meta property=\"og:type\" content=\"article\" \/>\n<meta property=\"og:title\" content=\"T\u00e9rminos y Condici\u00f3nes de Translation - BCN Translation\" \/>\n<meta property=\"og:description\" content=\"Por favor lee los terminos y condici\u00f3nes antes de aceptar alg\u00fan trabajo. Un Acuerdo de Confidencialidad puede ser firmado si necesario.\" \/>\n<meta property=\"og:url\" content=\"https:\/\/bcntranslation.com\/es\/terminos\/\" \/>\n<meta property=\"og:site_name\" content=\"BCN Translation\" \/>\n<meta property=\"article:modified_time\" content=\"2017-10-28T16:21:43+00:00\" \/>\n<meta property=\"og:image\" content=\"https:\/\/i0.wp.com\/bcntranslation.com\/wp-content\/uploads\/2017\/10\/sophie-buchanan-open-graph.jpg?fit=600%2C425&ssl=1\" \/>\n\t<meta property=\"og:image:width\" content=\"600\" \/>\n\t<meta property=\"og:image:height\" content=\"425\" \/>\n\t<meta property=\"og:image:type\" content=\"image\/jpeg\" \/>\n<meta name=\"twitter:card\" content=\"summary_large_image\" \/>\n<meta name=\"twitter:site\" content=\"@SophieKBuchanan\" \/>\n<meta name=\"twitter:label1\" content=\"Tiempo de lectura\" \/>\n\t<meta name=\"twitter:data1\" content=\"1 minute\" \/>\n<script type=\"application\/ld+json\" class=\"yoast-schema-graph\">{\"@context\":\"https:\\\/\\\/schema.org\",\"@graph\":[{\"@type\":\"WebPage\",\"@id\":\"https:\\\/\\\/bcntranslation.com\\\/es\\\/terminos\\\/\",\"url\":\"https:\\\/\\\/bcntranslation.com\\\/es\\\/terminos\\\/\",\"name\":\"T\u00e9rminos y Condici\u00f3nes de Translation - BCN Translation\",\"isPartOf\":{\"@id\":\"https:\\\/\\\/bcntranslation.com\\\/es\\\/#website\"},\"datePublished\":\"2013-03-01T08:00:10+00:00\",\"dateModified\":\"2017-10-28T16:21:43+00:00\",\"description\":\"Por favor lee los terminos y condici\u00f3nes antes de aceptar alg\u00fan trabajo. Un Acuerdo de Confidencialidad puede ser firmado si necesario.\",\"breadcrumb\":{\"@id\":\"https:\\\/\\\/bcntranslation.com\\\/es\\\/terminos\\\/#breadcrumb\"},\"inLanguage\":\"es-ES\",\"potentialAction\":[{\"@type\":\"ReadAction\",\"target\":[\"https:\\\/\\\/bcntranslation.com\\\/es\\\/terminos\\\/\"]}]},{\"@type\":\"BreadcrumbList\",\"@id\":\"https:\\\/\\\/bcntranslation.com\\\/es\\\/terminos\\\/#breadcrumb\",\"itemListElement\":[{\"@type\":\"ListItem\",\"position\":1,\"name\":\"Home\",\"item\":\"https:\\\/\\\/bcntranslation.com\\\/es\\\/\"},{\"@type\":\"ListItem\",\"position\":2,\"name\":\"T\u00e9rminos y Condici\u00f3nes de Translation\"}]},{\"@type\":\"WebSite\",\"@id\":\"https:\\\/\\\/bcntranslation.com\\\/es\\\/#website\",\"url\":\"https:\\\/\\\/bcntranslation.com\\\/es\\\/\",\"name\":\"BCN Translation\",\"description\":\"Traducci\u00f3n, interpretaci\u00f3n y correcci\u00f3n del espa\u00f1ol al ingl\u00e9s\",\"potentialAction\":[{\"@type\":\"SearchAction\",\"target\":{\"@type\":\"EntryPoint\",\"urlTemplate\":\"https:\\\/\\\/bcntranslation.com\\\/es\\\/?s={search_term_string}\"},\"query-input\":{\"@type\":\"PropertyValueSpecification\",\"valueRequired\":true,\"valueName\":\"search_term_string\"}}],\"inLanguage\":\"es-ES\"}]}<\/script>\n<!-- \/ Yoast SEO plugin. -->","yoast_head_json":{"title":"T\u00e9rminos y Condici\u00f3nes de Translation - BCN Translation","description":"Por favor lee los terminos y condici\u00f3nes antes de aceptar alg\u00fan trabajo. Un Acuerdo de Confidencialidad puede ser firmado si necesario.","robots":{"index":"index","follow":"follow","max-snippet":"max-snippet:-1","max-image-preview":"max-image-preview:large","max-video-preview":"max-video-preview:-1"},"canonical":"https:\/\/bcntranslation.com\/es\/terminos\/","og_locale":"es_ES","og_type":"article","og_title":"T\u00e9rminos y Condici\u00f3nes de Translation - BCN Translation","og_description":"Por favor lee los terminos y condici\u00f3nes antes de aceptar alg\u00fan trabajo. Un Acuerdo de Confidencialidad puede ser firmado si necesario.","og_url":"https:\/\/bcntranslation.com\/es\/terminos\/","og_site_name":"BCN Translation","article_modified_time":"2017-10-28T16:21:43+00:00","og_image":[{"width":600,"height":425,"url":"https:\/\/i0.wp.com\/bcntranslation.com\/wp-content\/uploads\/2017\/10\/sophie-buchanan-open-graph.jpg?fit=600%2C425&ssl=1","type":"image\/jpeg"}],"twitter_card":"summary_large_image","twitter_site":"@SophieKBuchanan","twitter_misc":{"Tiempo de lectura":"1 minute"},"schema":{"@context":"https:\/\/schema.org","@graph":[{"@type":"WebPage","@id":"https:\/\/bcntranslation.com\/es\/terminos\/","url":"https:\/\/bcntranslation.com\/es\/terminos\/","name":"T\u00e9rminos y Condici\u00f3nes de Translation - BCN Translation","isPartOf":{"@id":"https:\/\/bcntranslation.com\/es\/#website"},"datePublished":"2013-03-01T08:00:10+00:00","dateModified":"2017-10-28T16:21:43+00:00","description":"Por favor lee los terminos y condici\u00f3nes antes de aceptar alg\u00fan trabajo. Un Acuerdo de Confidencialidad puede ser firmado si necesario.","breadcrumb":{"@id":"https:\/\/bcntranslation.com\/es\/terminos\/#breadcrumb"},"inLanguage":"es-ES","potentialAction":[{"@type":"ReadAction","target":["https:\/\/bcntranslation.com\/es\/terminos\/"]}]},{"@type":"BreadcrumbList","@id":"https:\/\/bcntranslation.com\/es\/terminos\/#breadcrumb","itemListElement":[{"@type":"ListItem","position":1,"name":"Home","item":"https:\/\/bcntranslation.com\/es\/"},{"@type":"ListItem","position":2,"name":"T\u00e9rminos y Condici\u00f3nes de Translation"}]},{"@type":"WebSite","@id":"https:\/\/bcntranslation.com\/es\/#website","url":"https:\/\/bcntranslation.com\/es\/","name":"BCN Translation","description":"Traducci\u00f3n, interpretaci\u00f3n y correcci\u00f3n del espa\u00f1ol al ingl\u00e9s","potentialAction":[{"@type":"SearchAction","target":{"@type":"EntryPoint","urlTemplate":"https:\/\/bcntranslation.com\/es\/?s={search_term_string}"},"query-input":{"@type":"PropertyValueSpecification","valueRequired":true,"valueName":"search_term_string"}}],"inLanguage":"es-ES"}]}},"jetpack_sharing_enabled":true,"_links":{"self":[{"href":"https:\/\/bcntranslation.com\/es\/wp-json\/wp\/v2\/pages\/610","targetHints":{"allow":["GET"]}}],"collection":[{"href":"https:\/\/bcntranslation.com\/es\/wp-json\/wp\/v2\/pages"}],"about":[{"href":"https:\/\/bcntranslation.com\/es\/wp-json\/wp\/v2\/types\/page"}],"author":[{"embeddable":true,"href":"https:\/\/bcntranslation.com\/es\/wp-json\/wp\/v2\/users\/1"}],"replies":[{"embeddable":true,"href":"https:\/\/bcntranslation.com\/es\/wp-json\/wp\/v2\/comments?post=610"}],"version-history":[{"count":2,"href":"https:\/\/bcntranslation.com\/es\/wp-json\/wp\/v2\/pages\/610\/revisions"}],"predecessor-version":[{"id":642,"href":"https:\/\/bcntranslation.com\/es\/wp-json\/wp\/v2\/pages\/610\/revisions\/642"}],"wp:attachment":[{"href":"https:\/\/bcntranslation.com\/es\/wp-json\/wp\/v2\/media?parent=610"}],"curies":[{"name":"wp","href":"https:\/\/api.w.org\/{rel}","templated":true}]}}