{"id":608,"date":"2013-03-01T09:00:00","date_gmt":"2013-03-01T08:00:00","guid":{"rendered":"https:\/\/bcntranslation.com\/correcion-y-revision-de-textos-en-ingles\/"},"modified":"2017-10-28T18:17:14","modified_gmt":"2017-10-28T16:17:14","slug":"correcion-revision-textos-ingles","status":"publish","type":"page","link":"https:\/\/bcntranslation.com\/es\/correcion-revision-textos-ingles\/","title":{"rendered":"Correci\u00f3n y revisi\u00f3n de textos en ingl\u00e9s"},"content":{"rendered":"<h2>Correci\u00f3n en Barcelona<\/h2>\n<p>Ense\u00f1ar, escribir poes\u00eda y trabajar constantemente con idiomas me ha ense\u00f1ado a ser muy precisa cuando utilizo un idioma. Es por esta raz\u00f3n que puede confiar en m\u00ed para corregir y afinar cualquier tipo de documento: desde una redacci\u00f3n o una tesis hasta un acta de reuni\u00f3n o cualquier tipo de correspondencia.<\/p>\n<p>Reviso concienzudamente los documentos para corregir errores de puntuaci\u00f3n, gram\u00e1tica, errores tipogr\u00e1ficos, faltas de ortograf\u00eda, etc. Le har\u00e9 sugerencias sobre c\u00f3mo mejorar el documento y ayudarle a realzar la utilizaci\u00f3n del vocabulario si lo veo necesario.<\/p>\n<h2>Revisi\u00f3n de textos\u00a0en Barcelona<\/h2>\n<p>El servicio de revisi\u00f3n de textos es la manera m\u00e1s completa de asegurar que su documento suena natural, est\u00e1 bien escrito y es adecuado para su objetivo. El precio incluye correcci\u00f3n y revisi\u00f3n de estilo, estructura, claridad, precisi\u00f3n y fluidez del documento.<\/p>\n<p><strong>Ver la lista de\u00a0<a title=\"tarifas de traducci\u00f3n del espa\u00f1ol al ingles\" href=\"https:\/\/bcntranslation.com\/es\/tarifas-traduccion\/\">tarifas<\/a>\u00a0en servicios que ofrece BCN Translation.<\/strong><\/p>\n","protected":false},"excerpt":{"rendered":"<p>Correci\u00f3n en Barcelona Ense\u00f1ar, escribir poes\u00eda y trabajar constantemente con idiomas me ha ense\u00f1ado a ser muy precisa cuando utilizo un idioma. Es por esta raz\u00f3n que puede confiar en m\u00ed para corregir y afinar cualquier tipo de documento: desde una redacci\u00f3n o una tesis hasta un acta de reuni\u00f3n o cualquier tipo de correspondencia. [&hellip;]<\/p>\n","protected":false},"author":1,"featured_media":0,"parent":0,"menu_order":40,"comment_status":"open","ping_status":"closed","template":"","meta":{"_monsterinsights_skip_tracking":false,"_monsterinsights_sitenote_active":false,"_monsterinsights_sitenote_note":"","_monsterinsights_sitenote_category":0,"footnotes":""},"class_list":["post-608","page","type-page","status-publish","hentry","entry"],"yoast_head":"<!-- This site is optimized with the Yoast SEO plugin v27.3 - https:\/\/yoast.com\/product\/yoast-seo-wordpress\/ -->\n<title>Correci\u00f3n y revisi\u00f3n de textos en ingl\u00e9s - BCN Translation<\/title>\n<meta name=\"description\" content=\"BCN Translation proporciona servicios de correcci\u00f3n y revision de textos. Pongase en contacto hoy y asegurate que sus documentos cumplen con los requisitos.\" \/>\n<meta name=\"robots\" content=\"index, follow, max-snippet:-1, max-image-preview:large, max-video-preview:-1\" \/>\n<link rel=\"canonical\" href=\"https:\/\/bcntranslation.com\/es\/correcion-revision-textos-ingles\/\" \/>\n<meta property=\"og:locale\" content=\"es_ES\" \/>\n<meta property=\"og:type\" content=\"article\" \/>\n<meta property=\"og:title\" content=\"Correci\u00f3n y revisi\u00f3n de textos en ingl\u00e9s - BCN Translation\" \/>\n<meta property=\"og:description\" content=\"BCN Translation proporciona servicios de correcci\u00f3n y revision de textos. Pongase en contacto hoy y asegurate que sus documentos cumplen con los requisitos.\" \/>\n<meta property=\"og:url\" content=\"https:\/\/bcntranslation.com\/es\/correcion-revision-textos-ingles\/\" \/>\n<meta property=\"og:site_name\" content=\"BCN Translation\" \/>\n<meta property=\"article:modified_time\" content=\"2017-10-28T16:17:14+00:00\" \/>\n<meta property=\"og:image\" content=\"https:\/\/i0.wp.com\/bcntranslation.com\/wp-content\/uploads\/2017\/10\/sophie-buchanan-open-graph.jpg?fit=600%2C425&ssl=1\" \/>\n\t<meta property=\"og:image:width\" content=\"600\" \/>\n\t<meta property=\"og:image:height\" content=\"425\" \/>\n\t<meta property=\"og:image:type\" content=\"image\/jpeg\" \/>\n<meta name=\"twitter:card\" content=\"summary_large_image\" \/>\n<meta name=\"twitter:site\" content=\"@SophieKBuchanan\" \/>\n<meta name=\"twitter:label1\" content=\"Tiempo de lectura\" \/>\n\t<meta name=\"twitter:data1\" content=\"1 minute\" \/>\n<script type=\"application\/ld+json\" class=\"yoast-schema-graph\">{\"@context\":\"https:\\\/\\\/schema.org\",\"@graph\":[{\"@type\":\"WebPage\",\"@id\":\"https:\\\/\\\/bcntranslation.com\\\/es\\\/correcion-revision-textos-ingles\\\/\",\"url\":\"https:\\\/\\\/bcntranslation.com\\\/es\\\/correcion-revision-textos-ingles\\\/\",\"name\":\"Correci\u00f3n y revisi\u00f3n de textos en ingl\u00e9s - BCN Translation\",\"isPartOf\":{\"@id\":\"https:\\\/\\\/bcntranslation.com\\\/es\\\/#website\"},\"datePublished\":\"2013-03-01T08:00:00+00:00\",\"dateModified\":\"2017-10-28T16:17:14+00:00\",\"description\":\"BCN Translation proporciona servicios de correcci\u00f3n y revision de textos. Pongase en contacto hoy y asegurate que sus documentos cumplen con los requisitos.\",\"breadcrumb\":{\"@id\":\"https:\\\/\\\/bcntranslation.com\\\/es\\\/correcion-revision-textos-ingles\\\/#breadcrumb\"},\"inLanguage\":\"es-ES\",\"potentialAction\":[{\"@type\":\"ReadAction\",\"target\":[\"https:\\\/\\\/bcntranslation.com\\\/es\\\/correcion-revision-textos-ingles\\\/\"]}]},{\"@type\":\"BreadcrumbList\",\"@id\":\"https:\\\/\\\/bcntranslation.com\\\/es\\\/correcion-revision-textos-ingles\\\/#breadcrumb\",\"itemListElement\":[{\"@type\":\"ListItem\",\"position\":1,\"name\":\"Home\",\"item\":\"https:\\\/\\\/bcntranslation.com\\\/es\\\/\"},{\"@type\":\"ListItem\",\"position\":2,\"name\":\"Correci\u00f3n y revisi\u00f3n de textos en ingl\u00e9s\"}]},{\"@type\":\"WebSite\",\"@id\":\"https:\\\/\\\/bcntranslation.com\\\/es\\\/#website\",\"url\":\"https:\\\/\\\/bcntranslation.com\\\/es\\\/\",\"name\":\"BCN Translation\",\"description\":\"Traducci\u00f3n, interpretaci\u00f3n y correcci\u00f3n del espa\u00f1ol al ingl\u00e9s\",\"potentialAction\":[{\"@type\":\"SearchAction\",\"target\":{\"@type\":\"EntryPoint\",\"urlTemplate\":\"https:\\\/\\\/bcntranslation.com\\\/es\\\/?s={search_term_string}\"},\"query-input\":{\"@type\":\"PropertyValueSpecification\",\"valueRequired\":true,\"valueName\":\"search_term_string\"}}],\"inLanguage\":\"es-ES\"}]}<\/script>\n<!-- \/ Yoast SEO plugin. -->","yoast_head_json":{"title":"Correci\u00f3n y revisi\u00f3n de textos en ingl\u00e9s - BCN Translation","description":"BCN Translation proporciona servicios de correcci\u00f3n y revision de textos. Pongase en contacto hoy y asegurate que sus documentos cumplen con los requisitos.","robots":{"index":"index","follow":"follow","max-snippet":"max-snippet:-1","max-image-preview":"max-image-preview:large","max-video-preview":"max-video-preview:-1"},"canonical":"https:\/\/bcntranslation.com\/es\/correcion-revision-textos-ingles\/","og_locale":"es_ES","og_type":"article","og_title":"Correci\u00f3n y revisi\u00f3n de textos en ingl\u00e9s - BCN Translation","og_description":"BCN Translation proporciona servicios de correcci\u00f3n y revision de textos. Pongase en contacto hoy y asegurate que sus documentos cumplen con los requisitos.","og_url":"https:\/\/bcntranslation.com\/es\/correcion-revision-textos-ingles\/","og_site_name":"BCN Translation","article_modified_time":"2017-10-28T16:17:14+00:00","og_image":[{"width":600,"height":425,"url":"https:\/\/i0.wp.com\/bcntranslation.com\/wp-content\/uploads\/2017\/10\/sophie-buchanan-open-graph.jpg?fit=600%2C425&ssl=1","type":"image\/jpeg"}],"twitter_card":"summary_large_image","twitter_site":"@SophieKBuchanan","twitter_misc":{"Tiempo de lectura":"1 minute"},"schema":{"@context":"https:\/\/schema.org","@graph":[{"@type":"WebPage","@id":"https:\/\/bcntranslation.com\/es\/correcion-revision-textos-ingles\/","url":"https:\/\/bcntranslation.com\/es\/correcion-revision-textos-ingles\/","name":"Correci\u00f3n y revisi\u00f3n de textos en ingl\u00e9s - BCN Translation","isPartOf":{"@id":"https:\/\/bcntranslation.com\/es\/#website"},"datePublished":"2013-03-01T08:00:00+00:00","dateModified":"2017-10-28T16:17:14+00:00","description":"BCN Translation proporciona servicios de correcci\u00f3n y revision de textos. Pongase en contacto hoy y asegurate que sus documentos cumplen con los requisitos.","breadcrumb":{"@id":"https:\/\/bcntranslation.com\/es\/correcion-revision-textos-ingles\/#breadcrumb"},"inLanguage":"es-ES","potentialAction":[{"@type":"ReadAction","target":["https:\/\/bcntranslation.com\/es\/correcion-revision-textos-ingles\/"]}]},{"@type":"BreadcrumbList","@id":"https:\/\/bcntranslation.com\/es\/correcion-revision-textos-ingles\/#breadcrumb","itemListElement":[{"@type":"ListItem","position":1,"name":"Home","item":"https:\/\/bcntranslation.com\/es\/"},{"@type":"ListItem","position":2,"name":"Correci\u00f3n y revisi\u00f3n de textos en ingl\u00e9s"}]},{"@type":"WebSite","@id":"https:\/\/bcntranslation.com\/es\/#website","url":"https:\/\/bcntranslation.com\/es\/","name":"BCN Translation","description":"Traducci\u00f3n, interpretaci\u00f3n y correcci\u00f3n del espa\u00f1ol al ingl\u00e9s","potentialAction":[{"@type":"SearchAction","target":{"@type":"EntryPoint","urlTemplate":"https:\/\/bcntranslation.com\/es\/?s={search_term_string}"},"query-input":{"@type":"PropertyValueSpecification","valueRequired":true,"valueName":"search_term_string"}}],"inLanguage":"es-ES"}]}},"jetpack_sharing_enabled":true,"_links":{"self":[{"href":"https:\/\/bcntranslation.com\/es\/wp-json\/wp\/v2\/pages\/608","targetHints":{"allow":["GET"]}}],"collection":[{"href":"https:\/\/bcntranslation.com\/es\/wp-json\/wp\/v2\/pages"}],"about":[{"href":"https:\/\/bcntranslation.com\/es\/wp-json\/wp\/v2\/types\/page"}],"author":[{"embeddable":true,"href":"https:\/\/bcntranslation.com\/es\/wp-json\/wp\/v2\/users\/1"}],"replies":[{"embeddable":true,"href":"https:\/\/bcntranslation.com\/es\/wp-json\/wp\/v2\/comments?post=608"}],"version-history":[{"count":3,"href":"https:\/\/bcntranslation.com\/es\/wp-json\/wp\/v2\/pages\/608\/revisions"}],"predecessor-version":[{"id":640,"href":"https:\/\/bcntranslation.com\/es\/wp-json\/wp\/v2\/pages\/608\/revisions\/640"}],"wp:attachment":[{"href":"https:\/\/bcntranslation.com\/es\/wp-json\/wp\/v2\/media?parent=608"}],"curies":[{"name":"wp","href":"https:\/\/api.w.org\/{rel}","templated":true}]}}