{"id":606,"date":"2012-03-03T09:00:59","date_gmt":"2012-03-03T08:00:59","guid":{"rendered":"https:\/\/bcntranslation.com\/spanish-to-english-translation-rates\/"},"modified":"2019-06-20T21:04:17","modified_gmt":"2019-06-20T19:04:17","slug":"tarifas-traduccion","status":"publish","type":"page","link":"https:\/\/bcntranslation.com\/es\/tarifas-traduccion\/","title":{"rendered":"Tarifas de traducci\u00f3n del espa\u00f1ol al ingles"},"content":{"rendered":"<p><strong>Traducci\u00f3n:<\/strong> 8 c\u00e9ntimos por palabra (espa\u00f1ol al ingl\u00e9s)<br \/>\n<small>Para traducci\u00f3nes urgentes hay un suplemento del 30%.<\/small><\/p>\n<p><strong>Transcripci\u00f3n de audio:<\/strong> 8 centimos por palabra (espa\u00f1ol al ingl\u00e9s)<\/p>\n<p><strong>Interpretaci\u00f3n:<\/strong> 60\u20ac por hora (espa\u00f1ol al ingl\u00e9s \/ ingl\u00e9s al espa\u00f1ol)<br \/>\n<small>Gastos de transporte para trabajar de int\u00e9rprete fuera de Barcelona: 30 euros por hora de viaje m\u00e1s costes del viaje.<\/small><\/p>\n<p><strong>Revisi\u00f3n de textos en ingl\u00e9s:<\/strong> 4 cents por palabra<\/p>\n<p><strong>Correcci\u00f3n de textos en ingl\u00e9s:<\/strong> 3 cents por palabra<\/p>\n<p><em>Por favor lee los <a title=\"por favor lee los t\u00e9rminos y condici\u00f3nes\" href=\"https:\/\/bcntranslation.com\/es\/terminos\/\">t\u00e9rminos y condici\u00f3nes<\/a> antes de aceptar cualquier trabajo.<br \/>\nTodos los precios est\u00e1n sujetos a IVA a 21%.<br \/>\nLa tarifa minima es de 30 euros para todos los tipos de trabajo.<\/em><\/p>\n","protected":false},"excerpt":{"rendered":"<p>Traducci\u00f3n: 8 c\u00e9ntimos por palabra (espa\u00f1ol al ingl\u00e9s) Para traducci\u00f3nes urgentes hay un suplemento del 30%. Transcripci\u00f3n de audio: 8 centimos por palabra (espa\u00f1ol al ingl\u00e9s) Interpretaci\u00f3n: 60\u20ac por hora (espa\u00f1ol al ingl\u00e9s \/ ingl\u00e9s al espa\u00f1ol) Gastos de transporte para trabajar de int\u00e9rprete fuera de Barcelona: 30 euros por hora de viaje m\u00e1s costes [&hellip;]<\/p>\n","protected":false},"author":1,"featured_media":0,"parent":0,"menu_order":50,"comment_status":"open","ping_status":"closed","template":"","meta":{"_monsterinsights_skip_tracking":false,"_monsterinsights_sitenote_active":false,"_monsterinsights_sitenote_note":"","_monsterinsights_sitenote_category":0,"footnotes":""},"class_list":["post-606","page","type-page","status-publish","hentry","entry"],"yoast_head":"<!-- This site is optimized with the Yoast SEO plugin v27.3 - https:\/\/yoast.com\/product\/yoast-seo-wordpress\/ -->\n<title>Tarifas de traducci\u00f3n del espa\u00f1ol al ingles - BCN Translation<\/title>\n<meta name=\"description\" content=\"8 centimos por palabra con 30% de recargo en traducci\u00f3nes urgentes. Tambien tarifas de interpretaci\u00f3n, correcci\u00f3n y revision de textos.\" \/>\n<meta name=\"robots\" content=\"index, follow, max-snippet:-1, max-image-preview:large, max-video-preview:-1\" \/>\n<link rel=\"canonical\" href=\"https:\/\/bcntranslation.com\/es\/tarifas-traduccion\/\" \/>\n<meta property=\"og:locale\" content=\"es_ES\" \/>\n<meta property=\"og:type\" content=\"article\" \/>\n<meta property=\"og:title\" content=\"Tarifas de traducci\u00f3n del espa\u00f1ol al ingles - BCN Translation\" \/>\n<meta property=\"og:description\" content=\"8 centimos por palabra con 30% de recargo en traducci\u00f3nes urgentes. Tambien tarifas de interpretaci\u00f3n, correcci\u00f3n y revision de textos.\" \/>\n<meta property=\"og:url\" content=\"https:\/\/bcntranslation.com\/es\/tarifas-traduccion\/\" \/>\n<meta property=\"og:site_name\" content=\"BCN Translation\" \/>\n<meta property=\"article:modified_time\" content=\"2019-06-20T19:04:17+00:00\" \/>\n<meta property=\"og:image\" content=\"https:\/\/i0.wp.com\/bcntranslation.com\/wp-content\/uploads\/2017\/10\/sophie-buchanan-open-graph.jpg?fit=600%2C425&ssl=1\" \/>\n\t<meta property=\"og:image:width\" content=\"600\" \/>\n\t<meta property=\"og:image:height\" content=\"425\" \/>\n\t<meta property=\"og:image:type\" content=\"image\/jpeg\" \/>\n<meta name=\"twitter:card\" content=\"summary_large_image\" \/>\n<meta name=\"twitter:site\" content=\"@SophieKBuchanan\" \/>\n<meta name=\"twitter:label1\" content=\"Tiempo de lectura\" \/>\n\t<meta name=\"twitter:data1\" content=\"1 minute\" \/>\n<script type=\"application\/ld+json\" class=\"yoast-schema-graph\">{\"@context\":\"https:\\\/\\\/schema.org\",\"@graph\":[{\"@type\":\"WebPage\",\"@id\":\"https:\\\/\\\/bcntranslation.com\\\/es\\\/tarifas-traduccion\\\/\",\"url\":\"https:\\\/\\\/bcntranslation.com\\\/es\\\/tarifas-traduccion\\\/\",\"name\":\"Tarifas de traducci\u00f3n del espa\u00f1ol al ingles - BCN Translation\",\"isPartOf\":{\"@id\":\"https:\\\/\\\/bcntranslation.com\\\/es\\\/#website\"},\"datePublished\":\"2012-03-03T08:00:59+00:00\",\"dateModified\":\"2019-06-20T19:04:17+00:00\",\"description\":\"8 centimos por palabra con 30% de recargo en traducci\u00f3nes urgentes. Tambien tarifas de interpretaci\u00f3n, correcci\u00f3n y revision de textos.\",\"breadcrumb\":{\"@id\":\"https:\\\/\\\/bcntranslation.com\\\/es\\\/tarifas-traduccion\\\/#breadcrumb\"},\"inLanguage\":\"es-ES\",\"potentialAction\":[{\"@type\":\"ReadAction\",\"target\":[\"https:\\\/\\\/bcntranslation.com\\\/es\\\/tarifas-traduccion\\\/\"]}]},{\"@type\":\"BreadcrumbList\",\"@id\":\"https:\\\/\\\/bcntranslation.com\\\/es\\\/tarifas-traduccion\\\/#breadcrumb\",\"itemListElement\":[{\"@type\":\"ListItem\",\"position\":1,\"name\":\"Home\",\"item\":\"https:\\\/\\\/bcntranslation.com\\\/es\\\/\"},{\"@type\":\"ListItem\",\"position\":2,\"name\":\"Tarifas de traducci\u00f3n del espa\u00f1ol al ingles\"}]},{\"@type\":\"WebSite\",\"@id\":\"https:\\\/\\\/bcntranslation.com\\\/es\\\/#website\",\"url\":\"https:\\\/\\\/bcntranslation.com\\\/es\\\/\",\"name\":\"BCN Translation\",\"description\":\"Traducci\u00f3n, interpretaci\u00f3n y correcci\u00f3n del espa\u00f1ol al ingl\u00e9s\",\"potentialAction\":[{\"@type\":\"SearchAction\",\"target\":{\"@type\":\"EntryPoint\",\"urlTemplate\":\"https:\\\/\\\/bcntranslation.com\\\/es\\\/?s={search_term_string}\"},\"query-input\":{\"@type\":\"PropertyValueSpecification\",\"valueRequired\":true,\"valueName\":\"search_term_string\"}}],\"inLanguage\":\"es-ES\"}]}<\/script>\n<!-- \/ Yoast SEO plugin. -->","yoast_head_json":{"title":"Tarifas de traducci\u00f3n del espa\u00f1ol al ingles - BCN Translation","description":"8 centimos por palabra con 30% de recargo en traducci\u00f3nes urgentes. Tambien tarifas de interpretaci\u00f3n, correcci\u00f3n y revision de textos.","robots":{"index":"index","follow":"follow","max-snippet":"max-snippet:-1","max-image-preview":"max-image-preview:large","max-video-preview":"max-video-preview:-1"},"canonical":"https:\/\/bcntranslation.com\/es\/tarifas-traduccion\/","og_locale":"es_ES","og_type":"article","og_title":"Tarifas de traducci\u00f3n del espa\u00f1ol al ingles - BCN Translation","og_description":"8 centimos por palabra con 30% de recargo en traducci\u00f3nes urgentes. Tambien tarifas de interpretaci\u00f3n, correcci\u00f3n y revision de textos.","og_url":"https:\/\/bcntranslation.com\/es\/tarifas-traduccion\/","og_site_name":"BCN Translation","article_modified_time":"2019-06-20T19:04:17+00:00","og_image":[{"width":600,"height":425,"url":"https:\/\/i0.wp.com\/bcntranslation.com\/wp-content\/uploads\/2017\/10\/sophie-buchanan-open-graph.jpg?fit=600%2C425&ssl=1","type":"image\/jpeg"}],"twitter_card":"summary_large_image","twitter_site":"@SophieKBuchanan","twitter_misc":{"Tiempo de lectura":"1 minute"},"schema":{"@context":"https:\/\/schema.org","@graph":[{"@type":"WebPage","@id":"https:\/\/bcntranslation.com\/es\/tarifas-traduccion\/","url":"https:\/\/bcntranslation.com\/es\/tarifas-traduccion\/","name":"Tarifas de traducci\u00f3n del espa\u00f1ol al ingles - BCN Translation","isPartOf":{"@id":"https:\/\/bcntranslation.com\/es\/#website"},"datePublished":"2012-03-03T08:00:59+00:00","dateModified":"2019-06-20T19:04:17+00:00","description":"8 centimos por palabra con 30% de recargo en traducci\u00f3nes urgentes. Tambien tarifas de interpretaci\u00f3n, correcci\u00f3n y revision de textos.","breadcrumb":{"@id":"https:\/\/bcntranslation.com\/es\/tarifas-traduccion\/#breadcrumb"},"inLanguage":"es-ES","potentialAction":[{"@type":"ReadAction","target":["https:\/\/bcntranslation.com\/es\/tarifas-traduccion\/"]}]},{"@type":"BreadcrumbList","@id":"https:\/\/bcntranslation.com\/es\/tarifas-traduccion\/#breadcrumb","itemListElement":[{"@type":"ListItem","position":1,"name":"Home","item":"https:\/\/bcntranslation.com\/es\/"},{"@type":"ListItem","position":2,"name":"Tarifas de traducci\u00f3n del espa\u00f1ol al ingles"}]},{"@type":"WebSite","@id":"https:\/\/bcntranslation.com\/es\/#website","url":"https:\/\/bcntranslation.com\/es\/","name":"BCN Translation","description":"Traducci\u00f3n, interpretaci\u00f3n y correcci\u00f3n del espa\u00f1ol al ingl\u00e9s","potentialAction":[{"@type":"SearchAction","target":{"@type":"EntryPoint","urlTemplate":"https:\/\/bcntranslation.com\/es\/?s={search_term_string}"},"query-input":{"@type":"PropertyValueSpecification","valueRequired":true,"valueName":"search_term_string"}}],"inLanguage":"es-ES"}]}},"jetpack_sharing_enabled":true,"_links":{"self":[{"href":"https:\/\/bcntranslation.com\/es\/wp-json\/wp\/v2\/pages\/606","targetHints":{"allow":["GET"]}}],"collection":[{"href":"https:\/\/bcntranslation.com\/es\/wp-json\/wp\/v2\/pages"}],"about":[{"href":"https:\/\/bcntranslation.com\/es\/wp-json\/wp\/v2\/types\/page"}],"author":[{"embeddable":true,"href":"https:\/\/bcntranslation.com\/es\/wp-json\/wp\/v2\/users\/1"}],"replies":[{"embeddable":true,"href":"https:\/\/bcntranslation.com\/es\/wp-json\/wp\/v2\/comments?post=606"}],"version-history":[{"count":3,"href":"https:\/\/bcntranslation.com\/es\/wp-json\/wp\/v2\/pages\/606\/revisions"}],"predecessor-version":[{"id":2406,"href":"https:\/\/bcntranslation.com\/es\/wp-json\/wp\/v2\/pages\/606\/revisions\/2406"}],"wp:attachment":[{"href":"https:\/\/bcntranslation.com\/es\/wp-json\/wp\/v2\/media?parent=606"}],"curies":[{"name":"wp","href":"https:\/\/api.w.org\/{rel}","templated":true}]}}